{"id":13538,"date":"2025-12-15T13:22:23","date_gmt":"2025-12-15T12:22:23","guid":{"rendered":"https:\/\/mesken.eu\/nieuwe-huisstijl\/"},"modified":"2025-12-15T13:32:57","modified_gmt":"2025-12-15T12:32:57","slug":"nieuwe-huisstijl","status":"publish","type":"page","link":"https:\/\/mesken.eu\/de\/nieuwe-huisstijl\/","title":{"rendered":"Neue Unternehmensidentit\u00e4t"},"content":{"rendered":"<div>\n<h3><strong>Ein neues Kapitel: Unsere neue Unternehmensidentit\u00e4t<\/strong><\/h3>\n<h3><strong><img loading=\"lazy\" decoding=\"async\" class=\"alignnone size-medium wp-image-13518\" src=\"https:\/\/mesken.eu\/wp-content\/uploads\/Logo-Mesken-Haule-1-300x88.webp\" alt=\"\" width=\"300\" height=\"88\"><\/strong><\/h3>\n<p>Seit den 1980er-Jahren steht unser bew\u00e4hrtes rotes Logo f\u00fcr Qualit\u00e4t und Zuverl\u00e4ssigkeit im Maschinenbau. Es war ein bekanntes Symbol in der Branche und ein Zeichen unseres Engagements f\u00fcr Qualit\u00e4t und handwerkliches K\u00f6nnen. Doch die Zeiten \u00e4ndern sich, und wir \u00e4ndern uns mit ihnen. Mit neuem Management und einer frischen Zukunftsvision schlagen wir ein neues Kapitel auf. Unser neues Logo spiegelt wider, wer wir heute sind: innovativ, fortschrittlich und voll auf die Verpackungsindustrie und die industrielle Automatisierung fokussiert. 2014 verlegten wir unseren Firmensitz von Haule nach Oosterwolde \u2013 ein wichtiger Schritt in Richtung Wachstum und Modernisierung.     <\/p>\n<p><strong>Warum ein neues Logo?<\/strong><\/p>\n<p>Modernisierung: Das alte Logo hat uns jahrzehntelang gute Dienste geleistet, aber wir wollen ein Erscheinungsbild, das die heutige Technologie und Qualit\u00e4t widerspiegelt.<br \/>\n<strong>Umzug<\/strong>: Im Jahr 2014 zogen wir von Haule nach Oosterwolde.<br \/>\n<strong>Neue Ausrichtung<\/strong>: Wir konzentrieren uns nicht nur auf Ballenpressen, sondern auf komplette Automatisierungsl\u00f6sungen f\u00fcr die Branche.<br \/>\n<strong>Identit\u00e4t<\/strong>: Das neue Design ist elegant, minimalistisch und ausdrucksstark, mit einer Anspielung auf das alte Logo.<\/p>\n<p>Unser neues Corporate Design ist mehr als nur ein Logo \u2013 es ist Ausdruck unserer Identit\u00e4t und unserer Zukunftsvision. Es steht f\u00fcr Innovation, Zuverl\u00e4ssigkeit und unser Engagement f\u00fcr zukunftsweisende L\u00f6sungen in der Verpackungs- und Industrieautomation. Wir ehren unsere Tradition und freuen uns gleichzeitig darauf, mit einem frischen Look und einer klaren Vision in die Zukunft zu starten. Vielen Dank, dass Sie uns auf diesem Weg begleiten. Wir freuen uns darauf, das n\u00e4chste Kapitel gemeinsam zu gestalten.    <\/p><\/div>\n","protected":false},"excerpt":{"rendered":"<p>Ein neues Kapitel: Unsere neue Unternehmensidentit\u00e4t Seit den 1980er-Jahren steht unser bew\u00e4hrtes rotes Logo f\u00fcr Qualit\u00e4t und Zuverl\u00e4ssigkeit im Maschinenbau. Es war ein bekanntes Symbol in der Branche und ein Zeichen unseres Engagements f\u00fcr Qualit\u00e4t und handwerkliches K\u00f6nnen. Doch die Zeiten \u00e4ndern sich, und wir \u00e4ndern uns mit ihnen. Mit neuem Management und einer frischen [&hellip;]<\/p>\n","protected":false},"author":2,"featured_media":13511,"parent":0,"menu_order":0,"comment_status":"closed","ping_status":"closed","template":"","meta":{"_et_pb_use_builder":"","_et_pb_old_content":"","_et_gb_content_width":"","footnotes":""},"class_list":["post-13538","page","type-page","status-publish","has-post-thumbnail","hentry"],"yoast_head":"<!-- This site is optimized with the Yoast SEO plugin v27.4 - https:\/\/yoast.com\/product\/yoast-seo-wordpress\/ -->\n<title>Neue Unternehmensidentit\u00e4t - Mesken\u00ae<\/title>\n<meta name=\"robots\" content=\"index, follow, max-snippet:-1, max-image-preview:large, max-video-preview:-1\" \/>\n<link rel=\"canonical\" href=\"https:\/\/mesken.eu\/de\/nieuwe-huisstijl\/\" \/>\n<meta property=\"og:locale\" content=\"de_DE\" \/>\n<meta property=\"og:type\" content=\"article\" \/>\n<meta property=\"og:title\" content=\"Neue Unternehmensidentit\u00e4t - Mesken\u00ae\" \/>\n<meta property=\"og:description\" content=\"Ein neues Kapitel: Unsere neue Unternehmensidentit\u00e4t Seit den 1980er-Jahren steht unser bew\u00e4hrtes rotes Logo f\u00fcr Qualit\u00e4t und Zuverl\u00e4ssigkeit im Maschinenbau. Es war ein bekanntes Symbol in der Branche und ein Zeichen unseres Engagements f\u00fcr Qualit\u00e4t und handwerkliches K\u00f6nnen. Doch die Zeiten \u00e4ndern sich, und wir \u00e4ndern uns mit ihnen. Mit neuem Management und einer frischen [&hellip;]\" \/>\n<meta property=\"og:url\" content=\"https:\/\/mesken.eu\/de\/nieuwe-huisstijl\/\" \/>\n<meta property=\"og:site_name\" content=\"Mesken\u00ae\" \/>\n<meta property=\"article:modified_time\" content=\"2025-12-15T12:32:57+00:00\" \/>\n<meta property=\"og:image\" content=\"https:\/\/mesken.eu\/wp-content\/uploads\/cropped-Site_icon.jpg\" \/>\n\t<meta property=\"og:image:width\" content=\"512\" \/>\n\t<meta property=\"og:image:height\" content=\"512\" \/>\n\t<meta property=\"og:image:type\" content=\"image\/jpeg\" \/>\n<meta name=\"twitter:card\" content=\"summary_large_image\" \/>\n<meta name=\"twitter:label1\" content=\"Gesch\u00e4tzte Lesezeit\" \/>\n\t<meta name=\"twitter:data1\" content=\"1\u00a0Minute\" \/>\n<script type=\"application\/ld+json\" class=\"yoast-schema-graph\">{\"@context\":\"https:\\\/\\\/schema.org\",\"@graph\":[{\"@type\":\"WebPage\",\"@id\":\"https:\\\/\\\/mesken.eu\\\/de\\\/nieuwe-huisstijl\\\/\",\"url\":\"https:\\\/\\\/mesken.eu\\\/de\\\/nieuwe-huisstijl\\\/\",\"name\":\"Neue Unternehmensidentit\u00e4t - Mesken\u00ae\",\"isPartOf\":{\"@id\":\"https:\\\/\\\/mesken.eu\\\/de\\\/#website\"},\"primaryImageOfPage\":{\"@id\":\"https:\\\/\\\/mesken.eu\\\/de\\\/nieuwe-huisstijl\\\/#primaryimage\"},\"image\":{\"@id\":\"https:\\\/\\\/mesken.eu\\\/de\\\/nieuwe-huisstijl\\\/#primaryimage\"},\"thumbnailUrl\":\"https:\\\/\\\/mesken.eu\\\/wp-content\\\/uploads\\\/cropped-Site_icon.jpg\",\"datePublished\":\"2025-12-15T12:22:23+00:00\",\"dateModified\":\"2025-12-15T12:32:57+00:00\",\"breadcrumb\":{\"@id\":\"https:\\\/\\\/mesken.eu\\\/de\\\/nieuwe-huisstijl\\\/#breadcrumb\"},\"inLanguage\":\"de\",\"potentialAction\":[{\"@type\":\"ReadAction\",\"target\":[\"https:\\\/\\\/mesken.eu\\\/de\\\/nieuwe-huisstijl\\\/\"]}]},{\"@type\":\"ImageObject\",\"inLanguage\":\"de\",\"@id\":\"https:\\\/\\\/mesken.eu\\\/de\\\/nieuwe-huisstijl\\\/#primaryimage\",\"url\":\"https:\\\/\\\/mesken.eu\\\/wp-content\\\/uploads\\\/cropped-Site_icon.jpg\",\"contentUrl\":\"https:\\\/\\\/mesken.eu\\\/wp-content\\\/uploads\\\/cropped-Site_icon.jpg\",\"width\":512,\"height\":512},{\"@type\":\"BreadcrumbList\",\"@id\":\"https:\\\/\\\/mesken.eu\\\/de\\\/nieuwe-huisstijl\\\/#breadcrumb\",\"itemListElement\":[{\"@type\":\"ListItem\",\"position\":1,\"name\":\"Home\",\"item\":\"https:\\\/\\\/mesken.eu\\\/de\\\/\"},{\"@type\":\"ListItem\",\"position\":2,\"name\":\"Neue Unternehmensidentit\u00e4t\"}]},{\"@type\":\"WebSite\",\"@id\":\"https:\\\/\\\/mesken.eu\\\/de\\\/#website\",\"url\":\"https:\\\/\\\/mesken.eu\\\/de\\\/\",\"name\":\"Mesken\u00ae\",\"description\":\"Specialised in baling equipment &amp; Industrial Automation\",\"potentialAction\":[{\"@type\":\"SearchAction\",\"target\":{\"@type\":\"EntryPoint\",\"urlTemplate\":\"https:\\\/\\\/mesken.eu\\\/de\\\/?s={search_term_string}\"},\"query-input\":{\"@type\":\"PropertyValueSpecification\",\"valueRequired\":true,\"valueName\":\"search_term_string\"}}],\"inLanguage\":\"de\"}]}<\/script>\n<!-- \/ Yoast SEO plugin. -->","yoast_head_json":{"title":"Neue Unternehmensidentit\u00e4t - Mesken\u00ae","robots":{"index":"index","follow":"follow","max-snippet":"max-snippet:-1","max-image-preview":"max-image-preview:large","max-video-preview":"max-video-preview:-1"},"canonical":"https:\/\/mesken.eu\/de\/nieuwe-huisstijl\/","og_locale":"de_DE","og_type":"article","og_title":"Neue Unternehmensidentit\u00e4t - Mesken\u00ae","og_description":"Ein neues Kapitel: Unsere neue Unternehmensidentit\u00e4t Seit den 1980er-Jahren steht unser bew\u00e4hrtes rotes Logo f\u00fcr Qualit\u00e4t und Zuverl\u00e4ssigkeit im Maschinenbau. Es war ein bekanntes Symbol in der Branche und ein Zeichen unseres Engagements f\u00fcr Qualit\u00e4t und handwerkliches K\u00f6nnen. Doch die Zeiten \u00e4ndern sich, und wir \u00e4ndern uns mit ihnen. Mit neuem Management und einer frischen [&hellip;]","og_url":"https:\/\/mesken.eu\/de\/nieuwe-huisstijl\/","og_site_name":"Mesken\u00ae","article_modified_time":"2025-12-15T12:32:57+00:00","og_image":[{"width":512,"height":512,"url":"https:\/\/mesken.eu\/wp-content\/uploads\/cropped-Site_icon.jpg","type":"image\/jpeg"}],"twitter_card":"summary_large_image","twitter_misc":{"Gesch\u00e4tzte Lesezeit":"1\u00a0Minute"},"schema":{"@context":"https:\/\/schema.org","@graph":[{"@type":"WebPage","@id":"https:\/\/mesken.eu\/de\/nieuwe-huisstijl\/","url":"https:\/\/mesken.eu\/de\/nieuwe-huisstijl\/","name":"Neue Unternehmensidentit\u00e4t - Mesken\u00ae","isPartOf":{"@id":"https:\/\/mesken.eu\/de\/#website"},"primaryImageOfPage":{"@id":"https:\/\/mesken.eu\/de\/nieuwe-huisstijl\/#primaryimage"},"image":{"@id":"https:\/\/mesken.eu\/de\/nieuwe-huisstijl\/#primaryimage"},"thumbnailUrl":"https:\/\/mesken.eu\/wp-content\/uploads\/cropped-Site_icon.jpg","datePublished":"2025-12-15T12:22:23+00:00","dateModified":"2025-12-15T12:32:57+00:00","breadcrumb":{"@id":"https:\/\/mesken.eu\/de\/nieuwe-huisstijl\/#breadcrumb"},"inLanguage":"de","potentialAction":[{"@type":"ReadAction","target":["https:\/\/mesken.eu\/de\/nieuwe-huisstijl\/"]}]},{"@type":"ImageObject","inLanguage":"de","@id":"https:\/\/mesken.eu\/de\/nieuwe-huisstijl\/#primaryimage","url":"https:\/\/mesken.eu\/wp-content\/uploads\/cropped-Site_icon.jpg","contentUrl":"https:\/\/mesken.eu\/wp-content\/uploads\/cropped-Site_icon.jpg","width":512,"height":512},{"@type":"BreadcrumbList","@id":"https:\/\/mesken.eu\/de\/nieuwe-huisstijl\/#breadcrumb","itemListElement":[{"@type":"ListItem","position":1,"name":"Home","item":"https:\/\/mesken.eu\/de\/"},{"@type":"ListItem","position":2,"name":"Neue Unternehmensidentit\u00e4t"}]},{"@type":"WebSite","@id":"https:\/\/mesken.eu\/de\/#website","url":"https:\/\/mesken.eu\/de\/","name":"Mesken\u00ae","description":"Specialised in baling equipment &amp; Industrial Automation","potentialAction":[{"@type":"SearchAction","target":{"@type":"EntryPoint","urlTemplate":"https:\/\/mesken.eu\/de\/?s={search_term_string}"},"query-input":{"@type":"PropertyValueSpecification","valueRequired":true,"valueName":"search_term_string"}}],"inLanguage":"de"}]}},"_links":{"self":[{"href":"https:\/\/mesken.eu\/de\/wp-json\/wp\/v2\/pages\/13538","targetHints":{"allow":["GET"]}}],"collection":[{"href":"https:\/\/mesken.eu\/de\/wp-json\/wp\/v2\/pages"}],"about":[{"href":"https:\/\/mesken.eu\/de\/wp-json\/wp\/v2\/types\/page"}],"author":[{"embeddable":true,"href":"https:\/\/mesken.eu\/de\/wp-json\/wp\/v2\/users\/2"}],"replies":[{"embeddable":true,"href":"https:\/\/mesken.eu\/de\/wp-json\/wp\/v2\/comments?post=13538"}],"version-history":[{"count":1,"href":"https:\/\/mesken.eu\/de\/wp-json\/wp\/v2\/pages\/13538\/revisions"}],"predecessor-version":[{"id":13541,"href":"https:\/\/mesken.eu\/de\/wp-json\/wp\/v2\/pages\/13538\/revisions\/13541"}],"wp:featuredmedia":[{"embeddable":true,"href":"https:\/\/mesken.eu\/de\/wp-json\/wp\/v2\/media\/13511"}],"wp:attachment":[{"href":"https:\/\/mesken.eu\/de\/wp-json\/wp\/v2\/media?parent=13538"}],"curies":[{"name":"wp","href":"https:\/\/api.w.org\/{rel}","templated":true}]}}